{"id":2409,"date":"2020-01-04T00:58:19","date_gmt":"2020-01-03T23:58:19","guid":{"rendered":"https:\/\/old-lady.ch\/?page_id=2409"},"modified":"2020-01-04T00:58:19","modified_gmt":"2020-01-03T23:58:19","slug":"oldtimer","status":"publish","type":"page","link":"https:\/\/old-lady.ch\/index.php\/oldtimer\/","title":{"rendered":"Oldtimer"},"content":{"rendered":"<p><div class=\"fusion-fullwidth fullwidth-box fusion-builder-row-1 nonhundred-percent-fullwidth hundred-percent-height hundred-percent-height-center-content non-hundred-percent-height-scrolling\" style=\"background-color: #172941;background-position: center center;background-repeat: no-repeat;padding-top:100px;padding-right:6%;padding-bottom:125px;padding-left:6%;margin-bottom: 0px;margin-top: 0px;border-width: 0px 0px 0px 0px;border-color:#3e3e3e;border-style:solid;\" ><div class=\"fusion-fullwidth-center-content\"><div class=\"fusion-builder-row fusion-row\"><div class=\"fusion-layout-column fusion_builder_column fusion-builder-column-0 fusion_builder_column_1_1 1_1 fusion-one-full fusion-column-first fusion-column-last\" style=\"margin-top:30px;margin-bottom:30px;\"><div class=\"fusion-column-wrapper fusion-flex-column-wrapper-legacy\" style=\"background-position:left top;background-repeat:no-repeat;-webkit-background-size:cover;-moz-background-size:cover;-o-background-size:cover;background-size:cover;padding: 0px 0px 0px 0px;\"><div class=\"fusion-sep-clear\"><\/div><div class=\"fusion-separator\" style=\"margin-left: auto;margin-right: auto;margin-top:20px;margin-bottom:45px;width:100%;max-width:205px;\"><div class=\"fusion-separator-border sep-single sep-solid\" style=\"border-color:#172941;border-top-width:1px;\"><\/div><\/div><div class=\"fusion-sep-clear\"><\/div><style type=\"text\/css\"><\/style><div class=\"fusion-title title fusion-title-1 fusion-sep-none fusion-title-center fusion-title-text fusion-title-size-one\" style=\"margin-top:20px;margin-bottom:20px;\"><h1 class=\"title-heading-center\" style=\"margin:0;\"><span style=\"color: #917852;\">\u00abOld Lady \u2013 Classic Bakdekker Anno 1936\u00bb <\/span><\/h1><\/div><div class=\"fusion-sep-clear\"><\/div><div class=\"fusion-separator\" style=\"margin-left: auto;margin-right: auto;margin-top:20px;margin-bottom:45px;width:100%;max-width:205px;\"><\/div><div class=\"fusion-sep-clear\"><\/div><style type=\"text\/css\"><\/style><div class=\"fusion-title title fusion-title-2 fusion-sep-none fusion-title-center fusion-title-text fusion-title-size-two\" style=\"margin-top:20px;margin-bottom:20px;\"><h2 class=\"title-heading-center\" style=\"margin:0;\"><span style=\"color: #917852;\">M\u00d6CHTEN SIE DIE ALTE DAME N\u00c4HER KENNENLERNEN?<\/span><\/h2><\/div><div class=\"fusion-text fusion-text-1\"><p style=\"text-align: center;\">Hier erfahren Sie ein bi\u00dfchen etwas \u00fcber die Old Lady und ihren Lebenslauf.<br \/>\nWie alt ist sie, wo kommt sie her und wie kam sie zu ihrem ehrw\u00fcrdigen Namen?<br \/>\nM\u00f6gen Sie ihren Style und m\u00f6chten Zeit mit der alten Dame verbringen?<\/p>\n<p style=\"text-align: center;\">Klicken Sie sich durch das Untermen\u00fc und machen Sie sich mit dem Oldtimer-Boot vertraut.<br \/>\nEntdecken Sie ihren Charakter und schauen Sie, ob er zu Ihren Vorstellungen passt.<\/p>\n<p style=\"text-align: center;\">Sie m\u00f6chte sich nicht mit den &#8222;jungen Dingern&#8220; vergleichen, kann bei einem Wettrennen wahrscheinlich nicht mithalten,<br \/>\naber sie ist absolut einzigartig und noch ganz sch\u00f6n gut in Schuss. Ein Oldtimer eben &#8211; mit Charakter und Charme.<br \/>\nSolche seltenen Exemplare trifft man eben nicht an jeder Ecke.<\/p>\n<p style=\"text-align: center;\">Wir haben sie in unser Herz geschlossen und m\u00f6chten diese besondere Atmosph\u00e4re auf einem Boot Anno 1936 mit Ihnen teilen.<\/p>\n<\/div><div class=\"fusion-clearfix\"><\/div><\/div><\/div><\/div><\/div><\/div><div class=\"fusion-fullwidth fullwidth-box fusion-builder-row-2 nonhundred-percent-fullwidth non-hundred-percent-height-scrolling\" style=\"background-color: #172941;background-position: left top;background-repeat: repeat-x;padding-top:40px;padding-right:0px;padding-bottom:125px;padding-left:0px;margin-bottom: 0px;margin-top: 0px;border-width: 0px 0px 0px 0px;border-color:#917852;border-style:solid;\" ><div class=\"fusion-builder-row fusion-row\"><div class=\"fusion-layout-column fusion_builder_column fusion-builder-column-1 fusion_builder_column_1_1 1_1 fusion-one-full fusion-column-first fusion-column-last\" style=\"margin-top:0px;margin-bottom:0px;\"><div class=\"fusion-column-wrapper fusion-flex-column-wrapper-legacy\" style=\"background-position:left top;background-repeat:no-repeat;-webkit-background-size:cover;-moz-background-size:cover;-o-background-size:cover;background-size:cover;padding: 0px 0px 0px 0px;\"><style type=\"text\/css\"><\/style><div class=\"fusion-title title fusion-title-3 fusion-sep-none fusion-title-center fusion-title-text fusion-title-size-two\" style=\"margin-top:20px;margin-bottom:20px;\"><h2 class=\"title-heading-center\" style=\"margin:0;\"><p>VOM \u00abZEELEEUW\u00bb ZUR <span style=\"color: #917852;\">\u00abOLD LADY\u00bb<br \/>\n<\/span><\/p><\/h2><\/div><div class=\"fusion-sep-clear\"><\/div><div class=\"fusion-separator\" style=\"margin-left: auto;margin-right: auto;margin-top:20px;margin-bottom:45px;width:100%;max-width:155px;\"><div class=\"fusion-separator-border sep-single sep-solid\" style=\"border-color:#917852;border-top-width:1px;\"><\/div><\/div><div class=\"fusion-sep-clear\"><\/div><div class=\"fusion-text fusion-text-2\"><p style=\"text-align: left;\">Die beiden holl\u00e4ndischen Voreigner fuhren den Oldtimer unter dem Namen \u00abZeeleeuw\u00bb spazieren. Da es sich nicht um einen verbrieften Originalnamen des Bootes handelte und deren Name f\u00fcr &#8222;Nicht-Holl\u00e4nder&#8220; auch wirklich schwer zu merken ist, hat sich unser Vorbesitzer dazu entschieden, das Boot umzutaufen.<\/p>\n<p>Mit dem neuen Namen \u00abOld Lady \u2013 Classic Bakdekker Anno 1936\u00bb zollen auch wir der Eleganz des Bootes Tribut und verleihen W\u00fcrde und historischen Kontext. Dar\u00fcber hinaus ist der Name international verst\u00e4ndlich. Nat\u00fcrlich wurde sich bei der Taufe an die eiserne Regel gehalten und das Boot vor der Einwasserung getauft.<\/p>\n<p>Denn die Schiffahrtsregeln besagen: Wer ein Schiff im Wasser umtauft, wird Ungl\u00fcck erfahren! Mit der Taufe hat die \u00abOld Lady\u00bb auch ein neues Design mit historischem Schriftzug und einem Kompass-Symbol erhalten.<\/p>\n<p>Wir sehen diesen Kompass als Symbol daf\u00fcr, dass die Old Lady immer auf richtigem Kurs bleibt.<\/p>\n<\/div><div class=\"fusion-clearfix\"><\/div><\/div><\/div><div class=\"fusion-layout-column fusion_builder_column fusion-builder-column-2 fusion_builder_column_1_2 1_2 fusion-one-half fusion-column-first\" style=\"width:50%;width:calc(50% - ( ( 4% ) * 0.5 ) );margin-right: 4%;margin-top:0px;margin-bottom:20px;\"><div class=\"fusion-column-wrapper fusion-flex-column-wrapper-legacy\" style=\"background-position:left top;background-repeat:no-repeat;-webkit-background-size:cover;-moz-background-size:cover;-o-background-size:cover;background-size:cover;padding: 0px 0px 0px 0px;\"><div class=\"fusion-text fusion-text-3\"><p style=\"text-align: right;\">Mehr Informationen finden Sie hier oder in der Navigation:<\/p>\n<\/div><div class=\"fusion-clearfix\"><\/div><\/div><\/div><div class=\"fusion-layout-column fusion_builder_column fusion-builder-column-3 fusion_builder_column_1_2 1_2 fusion-one-half fusion-column-last\" style=\"width:50%;width:calc(50% - ( ( 4% ) * 0.5 ) );margin-top:0px;margin-bottom:20px;\"><div class=\"fusion-column-wrapper fusion-flex-column-wrapper-legacy\" style=\"background-position:left top;background-repeat:no-repeat;-webkit-background-size:cover;-moz-background-size:cover;-o-background-size:cover;background-size:cover;padding: 0px 0px 0px 0px;\"><div class=\"fusion-alignleft\"><style type=\"text\/css\">.fusion-button.button-1 {border-radius:0px;}<\/style><a class=\"fusion-button button-flat fusion-button-default-size button-default button-1 fusion-button-default-span fusion-button-default-type\" target=\"_self\" href=\"https:\/\/old-lady.ch\/index.php\/historie\/\"><span class=\"fusion-button-text\">Historie<\/span><\/a><\/div><div class=\"fusion-clearfix\"><\/div><\/div><\/div><\/div><\/div><\/p>\n","protected":false},"excerpt":{"rendered":"","protected":false},"author":2,"featured_media":0,"parent":0,"menu_order":0,"comment_status":"closed","ping_status":"closed","template":"100-width.php","meta":{"_monsterinsights_skip_tracking":false,"_monsterinsights_sitenote_active":false,"_monsterinsights_sitenote_note":"","_monsterinsights_sitenote_category":0,"footnotes":""},"class_list":["post-2409","page","type-page","status-publish","hentry"],"yoast_head":"<!-- This site is optimized with the Yoast SEO plugin v27.0 - https:\/\/yoast.com\/product\/yoast-seo-wordpress\/ -->\n<title>Oldtimer - &quot;Old lady&quot; | Oldtimer Boot Z\u00fcrichsee<\/title>\n<meta name=\"robots\" content=\"index, follow, max-snippet:-1, max-image-preview:large, max-video-preview:-1\" \/>\n<link rel=\"canonical\" href=\"https:\/\/old-lady.ch\/index.php\/oldtimer\/\" \/>\n<meta property=\"og:locale\" content=\"de_DE\" \/>\n<meta property=\"og:type\" content=\"article\" \/>\n<meta property=\"og:title\" content=\"Oldtimer - &quot;Old lady&quot; | Oldtimer Boot Z\u00fcrichsee\" \/>\n<meta property=\"og:url\" content=\"https:\/\/old-lady.ch\/index.php\/oldtimer\/\" \/>\n<meta property=\"og:site_name\" content=\"&quot;Old lady&quot; | Oldtimer Boot Z\u00fcrichsee\" \/>\n<meta name=\"twitter:card\" content=\"summary_large_image\" \/>\n<meta name=\"twitter:label1\" content=\"Gesch\u00e4tzte Lesezeit\" \/>\n\t<meta name=\"twitter:data1\" content=\"9\u00a0Minuten\" \/>\n<script type=\"application\/ld+json\" class=\"yoast-schema-graph\">{\"@context\":\"https:\/\/schema.org\",\"@graph\":[{\"@type\":\"WebPage\",\"@id\":\"https:\/\/old-lady.ch\/index.php\/oldtimer\/\",\"url\":\"https:\/\/old-lady.ch\/index.php\/oldtimer\/\",\"name\":\"Oldtimer - &quot;Old lady&quot; | Oldtimer Boot Z\u00fcrichsee\",\"isPartOf\":{\"@id\":\"https:\/\/old-lady.ch\/#website\"},\"datePublished\":\"2020-01-03T23:58:19+00:00\",\"breadcrumb\":{\"@id\":\"https:\/\/old-lady.ch\/index.php\/oldtimer\/#breadcrumb\"},\"inLanguage\":\"de\",\"potentialAction\":[{\"@type\":\"ReadAction\",\"target\":[\"https:\/\/old-lady.ch\/index.php\/oldtimer\/\"]}]},{\"@type\":\"BreadcrumbList\",\"@id\":\"https:\/\/old-lady.ch\/index.php\/oldtimer\/#breadcrumb\",\"itemListElement\":[{\"@type\":\"ListItem\",\"position\":1,\"name\":\"Startseite\",\"item\":\"https:\/\/old-lady.ch\/\"},{\"@type\":\"ListItem\",\"position\":2,\"name\":\"Oldtimer\"}]},{\"@type\":\"WebSite\",\"@id\":\"https:\/\/old-lady.ch\/#website\",\"url\":\"https:\/\/old-lady.ch\/\",\"name\":\"&quot;Old lady&quot; | Oldtimer Boot Z\u00fcrichsee\",\"description\":\"Individuell unterwegs in der Schweiz\",\"potentialAction\":[{\"@type\":\"SearchAction\",\"target\":{\"@type\":\"EntryPoint\",\"urlTemplate\":\"https:\/\/old-lady.ch\/?s={search_term_string}\"},\"query-input\":{\"@type\":\"PropertyValueSpecification\",\"valueRequired\":true,\"valueName\":\"search_term_string\"}}],\"inLanguage\":\"de\"}]}<\/script>\n<!-- \/ Yoast SEO plugin. -->","yoast_head_json":{"title":"Oldtimer - &quot;Old lady&quot; | Oldtimer Boot Z\u00fcrichsee","robots":{"index":"index","follow":"follow","max-snippet":"max-snippet:-1","max-image-preview":"max-image-preview:large","max-video-preview":"max-video-preview:-1"},"canonical":"https:\/\/old-lady.ch\/index.php\/oldtimer\/","og_locale":"de_DE","og_type":"article","og_title":"Oldtimer - &quot;Old lady&quot; | Oldtimer Boot Z\u00fcrichsee","og_url":"https:\/\/old-lady.ch\/index.php\/oldtimer\/","og_site_name":"&quot;Old lady&quot; | Oldtimer Boot Z\u00fcrichsee","twitter_card":"summary_large_image","twitter_misc":{"Gesch\u00e4tzte Lesezeit":"9\u00a0Minuten"},"schema":{"@context":"https:\/\/schema.org","@graph":[{"@type":"WebPage","@id":"https:\/\/old-lady.ch\/index.php\/oldtimer\/","url":"https:\/\/old-lady.ch\/index.php\/oldtimer\/","name":"Oldtimer - &quot;Old lady&quot; | Oldtimer Boot Z\u00fcrichsee","isPartOf":{"@id":"https:\/\/old-lady.ch\/#website"},"datePublished":"2020-01-03T23:58:19+00:00","breadcrumb":{"@id":"https:\/\/old-lady.ch\/index.php\/oldtimer\/#breadcrumb"},"inLanguage":"de","potentialAction":[{"@type":"ReadAction","target":["https:\/\/old-lady.ch\/index.php\/oldtimer\/"]}]},{"@type":"BreadcrumbList","@id":"https:\/\/old-lady.ch\/index.php\/oldtimer\/#breadcrumb","itemListElement":[{"@type":"ListItem","position":1,"name":"Startseite","item":"https:\/\/old-lady.ch\/"},{"@type":"ListItem","position":2,"name":"Oldtimer"}]},{"@type":"WebSite","@id":"https:\/\/old-lady.ch\/#website","url":"https:\/\/old-lady.ch\/","name":"&quot;Old lady&quot; | Oldtimer Boot Z\u00fcrichsee","description":"Individuell unterwegs in der Schweiz","potentialAction":[{"@type":"SearchAction","target":{"@type":"EntryPoint","urlTemplate":"https:\/\/old-lady.ch\/?s={search_term_string}"},"query-input":{"@type":"PropertyValueSpecification","valueRequired":true,"valueName":"search_term_string"}}],"inLanguage":"de"}]}},"_links":{"self":[{"href":"https:\/\/old-lady.ch\/index.php\/wp-json\/wp\/v2\/pages\/2409","targetHints":{"allow":["GET"]}}],"collection":[{"href":"https:\/\/old-lady.ch\/index.php\/wp-json\/wp\/v2\/pages"}],"about":[{"href":"https:\/\/old-lady.ch\/index.php\/wp-json\/wp\/v2\/types\/page"}],"author":[{"embeddable":true,"href":"https:\/\/old-lady.ch\/index.php\/wp-json\/wp\/v2\/users\/2"}],"replies":[{"embeddable":true,"href":"https:\/\/old-lady.ch\/index.php\/wp-json\/wp\/v2\/comments?post=2409"}],"version-history":[{"count":1,"href":"https:\/\/old-lady.ch\/index.php\/wp-json\/wp\/v2\/pages\/2409\/revisions"}],"predecessor-version":[{"id":2410,"href":"https:\/\/old-lady.ch\/index.php\/wp-json\/wp\/v2\/pages\/2409\/revisions\/2410"}],"wp:attachment":[{"href":"https:\/\/old-lady.ch\/index.php\/wp-json\/wp\/v2\/media?parent=2409"}],"curies":[{"name":"wp","href":"https:\/\/api.w.org\/{rel}","templated":true}]}}