{"id":2359,"date":"2020-01-03T22:56:30","date_gmt":"2020-01-03T21:56:30","guid":{"rendered":"https:\/\/old-lady.ch\/?page_id=2359"},"modified":"2020-06-12T11:15:20","modified_gmt":"2020-06-12T10:15:20","slug":"einrichtung","status":"publish","type":"page","link":"https:\/\/old-lady.ch\/index.php\/einrichtung\/","title":{"rendered":"Einrichtung"},"content":{"rendered":"<p><div class=\"fusion-fullwidth fullwidth-box fusion-builder-row-1 nonhundred-percent-fullwidth non-hundred-percent-height-scrolling\" style=\"background-color: #172941;background-position: left top;background-repeat: repeat-x;padding-top:40px;padding-right:0px;padding-bottom:125px;padding-left:0px;margin-bottom: 0px;margin-top: 0px;border-width: 0px 0px 0px 0px;border-color:#917852;border-style:solid;\" ><div class=\"fusion-builder-row fusion-row\"><div class=\"fusion-layout-column fusion_builder_column fusion-builder-column-0 fusion_builder_column_1_1 1_1 fusion-one-full fusion-column-first fusion-column-last\" style=\"margin-top:0px;margin-bottom:0px;\"><div class=\"fusion-column-wrapper fusion-flex-column-wrapper-legacy\" style=\"background-position:left top;background-repeat:no-repeat;-webkit-background-size:cover;-moz-background-size:cover;-o-background-size:cover;background-size:cover;padding: 0px 0px 0px 0px;\"><style type=\"text\/css\"><\/style><div class=\"fusion-title title fusion-title-1 fusion-sep-none fusion-title-center fusion-title-text fusion-title-size-two\" style=\"margin-top:20px;margin-bottom:20px;\"><h2 class=\"title-heading-center\" style=\"margin:0;\"><span style=\"color: #917852;\">VIEL PLATZ <\/span>F\u00dcR DIE CREW UND IHRE G\u00c4STE<\/h2><\/div><div class=\"fusion-sep-clear\"><\/div><div class=\"fusion-separator\" style=\"margin-left: auto;margin-right: auto;margin-top:20px;margin-bottom:45px;width:100%;max-width:155px;\"><div class=\"fusion-separator-border sep-single sep-solid\" style=\"border-color:#917852;border-top-width:1px;\"><\/div><\/div><div class=\"fusion-sep-clear\"><\/div><div class=\"fusion-text fusion-text-1\"><p><span style=\"color: #917852;\">STEUERHAUS<br \/>\n<\/span>Das Steuerhaus ist die Kommandozentrale, welche die Technik \u2013 \u00a0die unter der Bodenfl\u00e4che liegt \u2013 am Steuerstand zusammen bringt.<\/p>\n<span class=\" fusion-imageframe imageframe-none imageframe-1 hover-type-none\"><img decoding=\"async\" width=\"2098\" image_height=\"1574\" image_id=\"2583\" title=\"Bakdekker 1936_Wangen\" src=\"https:\/\/old-lady.ch\/wp-content\/uploads\/2020\/06\/DSC05470_b_web.jpg\" class=\"img-responsive wp-image-2583\" srcset=\"https:\/\/old-lady.ch\/wp-content\/uploads\/2020\/06\/DSC05470_b_web-200x150.jpg 200w, https:\/\/old-lady.ch\/wp-content\/uploads\/2020\/06\/DSC05470_b_web-400x300.jpg 400w, https:\/\/old-lady.ch\/wp-content\/uploads\/2020\/06\/DSC05470_b_web-600x450.jpg 600w, https:\/\/old-lady.ch\/wp-content\/uploads\/2020\/06\/DSC05470_b_web-800x600.jpg 800w, https:\/\/old-lady.ch\/wp-content\/uploads\/2020\/06\/DSC05470_b_web-1200x900.jpg 1200w, https:\/\/old-lady.ch\/wp-content\/uploads\/2020\/06\/DSC05470_b_web.jpg 2098w\" sizes=\"(max-width: 800px) 100vw, 2098px\" \/><\/span>\n<\/div><div class=\"fusion-text fusion-text-2\"><p><span style=\"color: #917852;\">STEUERHAUS<br \/>\n<\/span>Das Steuerhaus ist die Kommandozentrale, welche die Technik \u2013 \u00a0die unter der Bodenfl\u00e4che liegt \u2013 am Steuerstand zusammen bringt.<\/p>\n<p><span style=\"color: #917852;\">ACHTERNKABINE (SALON)<\/span><br \/>\nDie Achterkabine ist der Salon des Bootes und bietet Platz zum Sitzen, Essen am Tisch, Relaxen auf der Langbank und den Sitzb\u00e4nken und bietet dar\u00fcber hinaus zwei weitere Schlafpl\u00e4tze.<\/p>\n<p><span style=\"color: #917852;\">PANTRY<\/span><br \/>\nAnschliessend an den Salon befindet sich die K\u00fcche (Pantry). Hier finden sich die wichtigsten Ger\u00e4te f\u00fcrs Kochen, K\u00fchlen und Abwaschen.<\/p>\n<p><span style=\"color: #917852;\">ACHTERNCOCKPIT<\/span><br \/>\nDurch eine zweifl\u00fcgelige T\u00fcre geht es von der K\u00fcche hinaus in das Achterncockpit. Durch den S\u00fcllrand ist man draussen gut vor Wind und Wetter gesch\u00fctzt. Ein heimeliges Sitz\u00f6rtchen und nat\u00fcrlich auch Ausgangspunkt zum Baden.<\/p>\n<p><span style=\"color: #917852;\">DECKS<\/span><br \/>\nVorne befindet sich das Bakdeck, hinter dem Steuerhaus das Achterndeck (welches in Zukunft einen Aussensteuerstand aufweisen soll). Zum Sonnen ist also genug Platz vorhanden, meist wird aber das Achterncockpit f\u00fcr diesen Zweck genutzt. Wenns zu heiss wird, geht es \u00fcber die mobile Badeleiter aus edlem Bootsholz ins Wasser.<\/p>\n<p><span style=\"color: #917852;\">TOILETTE<\/span><br \/>\nVorne im Bug befindet sich eine komplette Toilette, diese hat Stehh\u00f6he.<\/p>\n<p><span style=\"color: #917852;\">BACKDECKKABINE<\/span><br \/>\nAn die Toilette anschliessend befindet sich unter dem Bakdeck die Backdeckkabine mit ihren vier Kojen. Die Kabine hat Stehh\u00f6he und weist unter den beiden unteren Kojen sowie unter dem Boden in der Bilge praktischen Stauraum auf.<\/p>\n<\/div><div class=\"fusion-clearfix\"><\/div><\/div><\/div><div class=\"fusion-layout-column fusion_builder_column fusion-builder-column-1 fusion_builder_column_1_2 1_2 fusion-one-half fusion-column-first\" style=\"width:50%;width:calc(50% - ( ( 4% ) * 0.5 ) );margin-right: 4%;margin-top:0px;margin-bottom:20px;\"><div class=\"fusion-column-wrapper fusion-flex-column-wrapper-legacy\" style=\"background-position:left top;background-repeat:no-repeat;-webkit-background-size:cover;-moz-background-size:cover;-o-background-size:cover;background-size:cover;padding: 0px 0px 0px 0px;\"><div class=\"fusion-text fusion-text-3\"><p style=\"text-align: right;\">Mehr Informationen finden Sie hier oder in der Navigation:<\/p>\n<\/div><div class=\"fusion-clearfix\"><\/div><\/div><\/div><div class=\"fusion-layout-column fusion_builder_column fusion-builder-column-2 fusion_builder_column_1_2 1_2 fusion-one-half fusion-column-last\" style=\"width:50%;width:calc(50% - ( ( 4% ) * 0.5 ) );margin-top:0px;margin-bottom:20px;\"><div class=\"fusion-column-wrapper fusion-flex-column-wrapper-legacy\" style=\"background-position:left top;background-repeat:no-repeat;-webkit-background-size:cover;-moz-background-size:cover;-o-background-size:cover;background-size:cover;padding: 0px 0px 0px 0px;\"><div class=\"fusion-button-wrapper\"><style type=\"text\/css\">.fusion-button.button-1 {border-radius:0px;}<\/style><a class=\"fusion-button button-flat fusion-button-default-size button-default button-1 fusion-button-default-span fusion-button-default-type\" target=\"_self\" href=\"https:\/\/old-lady.ch\/index.php\/technik\/\"><span class=\"fusion-button-text\">Technik<\/span><\/a><\/div><div class=\"fusion-clearfix\"><\/div><\/div><\/div><\/div><\/div><div class=\"fusion-fullwidth fullwidth-box fusion-builder-row-2 nonhundred-percent-fullwidth non-hundred-percent-height-scrolling\" style=\"background-color: #242424;background-position: center center;background-repeat: no-repeat;padding-top:0px;padding-right:0px;padding-bottom:0px;padding-left:0px;margin-bottom: 0px;margin-top: 0px;border-width: 0px 0px 0px 0px;border-color:#3e3e3e;border-style:solid;\" ><div class=\"fusion-builder-row fusion-row\"><\/div><\/div><\/p>\n","protected":false},"excerpt":{"rendered":"","protected":false},"author":2,"featured_media":0,"parent":0,"menu_order":0,"comment_status":"closed","ping_status":"closed","template":"100-width.php","meta":{"_monsterinsights_skip_tracking":false,"_monsterinsights_sitenote_active":false,"_monsterinsights_sitenote_note":"","_monsterinsights_sitenote_category":0,"footnotes":""},"class_list":["post-2359","page","type-page","status-publish","hentry"],"yoast_head":"<!-- This site is optimized with the Yoast SEO plugin v27.0 - https:\/\/yoast.com\/product\/yoast-seo-wordpress\/ -->\n<title>Einrichtung - &quot;Old lady&quot; | Oldtimer Boot Z\u00fcrichsee<\/title>\n<meta name=\"robots\" content=\"index, follow, max-snippet:-1, max-image-preview:large, max-video-preview:-1\" \/>\n<link rel=\"canonical\" href=\"https:\/\/old-lady.ch\/index.php\/einrichtung\/\" \/>\n<meta property=\"og:locale\" content=\"de_DE\" \/>\n<meta property=\"og:type\" content=\"article\" \/>\n<meta property=\"og:title\" content=\"Einrichtung - &quot;Old lady&quot; | Oldtimer Boot Z\u00fcrichsee\" \/>\n<meta property=\"og:url\" content=\"https:\/\/old-lady.ch\/index.php\/einrichtung\/\" \/>\n<meta property=\"og:site_name\" content=\"&quot;Old lady&quot; | Oldtimer Boot Z\u00fcrichsee\" \/>\n<meta property=\"article:modified_time\" content=\"2020-06-12T10:15:20+00:00\" \/>\n<meta name=\"twitter:card\" content=\"summary_large_image\" \/>\n<meta name=\"twitter:label1\" content=\"Gesch\u00e4tzte Lesezeit\" \/>\n\t<meta name=\"twitter:data1\" content=\"7\u00a0Minuten\" \/>\n<script type=\"application\/ld+json\" class=\"yoast-schema-graph\">{\"@context\":\"https:\/\/schema.org\",\"@graph\":[{\"@type\":\"WebPage\",\"@id\":\"https:\/\/old-lady.ch\/index.php\/einrichtung\/\",\"url\":\"https:\/\/old-lady.ch\/index.php\/einrichtung\/\",\"name\":\"Einrichtung - &quot;Old lady&quot; | Oldtimer Boot Z\u00fcrichsee\",\"isPartOf\":{\"@id\":\"https:\/\/old-lady.ch\/#website\"},\"datePublished\":\"2020-01-03T21:56:30+00:00\",\"dateModified\":\"2020-06-12T10:15:20+00:00\",\"breadcrumb\":{\"@id\":\"https:\/\/old-lady.ch\/index.php\/einrichtung\/#breadcrumb\"},\"inLanguage\":\"de\",\"potentialAction\":[{\"@type\":\"ReadAction\",\"target\":[\"https:\/\/old-lady.ch\/index.php\/einrichtung\/\"]}]},{\"@type\":\"BreadcrumbList\",\"@id\":\"https:\/\/old-lady.ch\/index.php\/einrichtung\/#breadcrumb\",\"itemListElement\":[{\"@type\":\"ListItem\",\"position\":1,\"name\":\"Startseite\",\"item\":\"https:\/\/old-lady.ch\/\"},{\"@type\":\"ListItem\",\"position\":2,\"name\":\"Einrichtung\"}]},{\"@type\":\"WebSite\",\"@id\":\"https:\/\/old-lady.ch\/#website\",\"url\":\"https:\/\/old-lady.ch\/\",\"name\":\"&quot;Old lady&quot; | Oldtimer Boot Z\u00fcrichsee\",\"description\":\"Individuell unterwegs in der Schweiz\",\"potentialAction\":[{\"@type\":\"SearchAction\",\"target\":{\"@type\":\"EntryPoint\",\"urlTemplate\":\"https:\/\/old-lady.ch\/?s={search_term_string}\"},\"query-input\":{\"@type\":\"PropertyValueSpecification\",\"valueRequired\":true,\"valueName\":\"search_term_string\"}}],\"inLanguage\":\"de\"}]}<\/script>\n<!-- \/ Yoast SEO plugin. -->","yoast_head_json":{"title":"Einrichtung - &quot;Old lady&quot; | Oldtimer Boot Z\u00fcrichsee","robots":{"index":"index","follow":"follow","max-snippet":"max-snippet:-1","max-image-preview":"max-image-preview:large","max-video-preview":"max-video-preview:-1"},"canonical":"https:\/\/old-lady.ch\/index.php\/einrichtung\/","og_locale":"de_DE","og_type":"article","og_title":"Einrichtung - &quot;Old lady&quot; | Oldtimer Boot Z\u00fcrichsee","og_url":"https:\/\/old-lady.ch\/index.php\/einrichtung\/","og_site_name":"&quot;Old lady&quot; | Oldtimer Boot Z\u00fcrichsee","article_modified_time":"2020-06-12T10:15:20+00:00","twitter_card":"summary_large_image","twitter_misc":{"Gesch\u00e4tzte Lesezeit":"7\u00a0Minuten"},"schema":{"@context":"https:\/\/schema.org","@graph":[{"@type":"WebPage","@id":"https:\/\/old-lady.ch\/index.php\/einrichtung\/","url":"https:\/\/old-lady.ch\/index.php\/einrichtung\/","name":"Einrichtung - &quot;Old lady&quot; | Oldtimer Boot Z\u00fcrichsee","isPartOf":{"@id":"https:\/\/old-lady.ch\/#website"},"datePublished":"2020-01-03T21:56:30+00:00","dateModified":"2020-06-12T10:15:20+00:00","breadcrumb":{"@id":"https:\/\/old-lady.ch\/index.php\/einrichtung\/#breadcrumb"},"inLanguage":"de","potentialAction":[{"@type":"ReadAction","target":["https:\/\/old-lady.ch\/index.php\/einrichtung\/"]}]},{"@type":"BreadcrumbList","@id":"https:\/\/old-lady.ch\/index.php\/einrichtung\/#breadcrumb","itemListElement":[{"@type":"ListItem","position":1,"name":"Startseite","item":"https:\/\/old-lady.ch\/"},{"@type":"ListItem","position":2,"name":"Einrichtung"}]},{"@type":"WebSite","@id":"https:\/\/old-lady.ch\/#website","url":"https:\/\/old-lady.ch\/","name":"&quot;Old lady&quot; | Oldtimer Boot Z\u00fcrichsee","description":"Individuell unterwegs in der Schweiz","potentialAction":[{"@type":"SearchAction","target":{"@type":"EntryPoint","urlTemplate":"https:\/\/old-lady.ch\/?s={search_term_string}"},"query-input":{"@type":"PropertyValueSpecification","valueRequired":true,"valueName":"search_term_string"}}],"inLanguage":"de"}]}},"_links":{"self":[{"href":"https:\/\/old-lady.ch\/index.php\/wp-json\/wp\/v2\/pages\/2359","targetHints":{"allow":["GET"]}}],"collection":[{"href":"https:\/\/old-lady.ch\/index.php\/wp-json\/wp\/v2\/pages"}],"about":[{"href":"https:\/\/old-lady.ch\/index.php\/wp-json\/wp\/v2\/types\/page"}],"author":[{"embeddable":true,"href":"https:\/\/old-lady.ch\/index.php\/wp-json\/wp\/v2\/users\/2"}],"replies":[{"embeddable":true,"href":"https:\/\/old-lady.ch\/index.php\/wp-json\/wp\/v2\/comments?post=2359"}],"version-history":[{"count":9,"href":"https:\/\/old-lady.ch\/index.php\/wp-json\/wp\/v2\/pages\/2359\/revisions"}],"predecessor-version":[{"id":2584,"href":"https:\/\/old-lady.ch\/index.php\/wp-json\/wp\/v2\/pages\/2359\/revisions\/2584"}],"wp:attachment":[{"href":"https:\/\/old-lady.ch\/index.php\/wp-json\/wp\/v2\/media?parent=2359"}],"curies":[{"name":"wp","href":"https:\/\/api.w.org\/{rel}","templated":true}]}}