{"id":2348,"date":"2020-01-03T22:25:21","date_gmt":"2020-01-03T21:25:21","guid":{"rendered":"https:\/\/old-lady.ch\/?page_id=2348"},"modified":"2020-05-05T01:27:21","modified_gmt":"2020-05-05T00:27:21","slug":"historie","status":"publish","type":"page","link":"https:\/\/old-lady.ch\/index.php\/historie\/","title":{"rendered":"Historie"},"content":{"rendered":"<div class=\"fusion-fullwidth fullwidth-box fusion-builder-row-1 nonhundred-percent-fullwidth non-hundred-percent-height-scrolling\" style=\"background-color: #172941;background-position: left top;background-repeat: repeat-x;padding-top:40px;padding-right:0px;padding-bottom:125px;padding-left:0px;margin-bottom: 0px;margin-top: 0px;border-width: 0px 0px 0px 0px;border-color:#917852;border-style:solid;\" ><div class=\"fusion-builder-row fusion-row\"><div class=\"fusion-layout-column fusion_builder_column fusion-builder-column-0 fusion_builder_column_1_1 1_1 fusion-one-full fusion-column-first fusion-column-last\" style=\"margin-top:0px;margin-bottom:0px;\"><div class=\"fusion-column-wrapper fusion-flex-column-wrapper-legacy\" style=\"background-position:left top;background-repeat:no-repeat;-webkit-background-size:cover;-moz-background-size:cover;-o-background-size:cover;background-size:cover;padding: 0px 0px 0px 0px;\"><style type=\"text\/css\"><\/style><div class=\"fusion-title title fusion-title-1 fusion-sep-none fusion-title-center fusion-title-text fusion-title-size-two\" style=\"margin-top:20px;margin-bottom:20px;\"><h2 class=\"title-heading-center\" style=\"margin:0;\">VON BELGIEN \u00dcBER HOLLAND IN DIE\u00a0 <span style=\"color: #917852;\">SCHWEIZ<\/span><\/h2><\/div><div class=\"fusion-sep-clear\"><\/div><div class=\"fusion-separator\" style=\"margin-left: auto;margin-right: auto;margin-top:20px;margin-bottom:45px;width:100%;max-width:155px;\"><div class=\"fusion-separator-border sep-single sep-solid\" style=\"border-color:#917852;border-top-width:1px;\"><\/div><\/div><div class=\"fusion-sep-clear\"><\/div><div class=\"fusion-text fusion-text-1\"><p style=\"text-align: left;\">Die \u00abOld Lady\u00bb wurde 1936 in Belgien f\u00fcr einen belgischen Aristokraten gebaut. Gem\u00e4ss Experten tr\u00e4gt der Bakdekker die Handschrift des belgischen Schiffsarchitekten Frits Mulder und weist \u00c4hnlichkeit mit dessen Booten \u00abMimpin\u00bb und \u00abSimba\u00bb auf. Frits Mulder entwickelte an die 200 Yachten.<\/p>\n<p>Nach Holland verkauft, wechselte das Boot mehrmals den Besitzer und war zuletzt als \u00abZeeleuw\u00bb immatrikuliert. Der erste Besitzer nutzte das Boot bei seinem Wochenendhaus in Vinkeveen sowie im Marker- und Ijsselmeer.<\/p>\n<p>Der Vorbesitzer fuhr das Boot \u00fcber die Wasserwege von Holland, Belgien und Frankreich und hat dabei die Ardennen und die Vogesen beschifft und dabei ungef\u00e4hr 300 Schleusen passiert. Nach einer Saison in Port-sur-Sa\u00f4ne wurde das Boot in die Schweiz transportiert, komplett restauriert und als \u00abOld Lady\u00bb im Z\u00fcrichsee eingewassert.<\/p>\n<\/div><div class=\"fusion-clearfix\"><\/div><\/div><\/div><div class=\"fusion-layout-column fusion_builder_column fusion-builder-column-1 fusion_builder_column_1_2 1_2 fusion-one-half fusion-column-first\" style=\"width:50%;width:calc(50% - ( ( 4% ) * 0.5 ) );margin-right: 4%;margin-top:0px;margin-bottom:20px;\"><div class=\"fusion-column-wrapper fusion-flex-column-wrapper-legacy\" style=\"background-position:left top;background-repeat:no-repeat;-webkit-background-size:cover;-moz-background-size:cover;-o-background-size:cover;background-size:cover;padding: 0px 0px 0px 0px;\"><div class=\"fusion-text fusion-text-2\"><p style=\"text-align: right;\">Mehr Informationen finden Sie hier oder in der Navigation:<\/p>\n<\/div><div class=\"fusion-clearfix\"><\/div><\/div><\/div><div class=\"fusion-layout-column fusion_builder_column fusion-builder-column-2 fusion_builder_column_1_2 1_2 fusion-one-half fusion-column-last\" style=\"width:50%;width:calc(50% - ( ( 4% ) * 0.5 ) );margin-top:0px;margin-bottom:20px;\"><div class=\"fusion-column-wrapper fusion-flex-column-wrapper-legacy\" style=\"background-position:left top;background-repeat:no-repeat;-webkit-background-size:cover;-moz-background-size:cover;-o-background-size:cover;background-size:cover;padding: 0px 0px 0px 0px;\"><div class=\"fusion-button-wrapper\"><style type=\"text\/css\">.fusion-button.button-1 {border-radius:0px;}<\/style><a class=\"fusion-button button-flat fusion-button-default-size button-default button-1 fusion-button-default-span fusion-button-default-type\" target=\"_self\" href=\"https:\/\/old-lady.ch\/index.php\/einrichtung\/\"><span class=\"fusion-button-text\">Einrichtung<\/span><\/a><\/div><div class=\"fusion-clearfix\"><\/div><\/div><\/div><\/div><\/div>\n","protected":false},"excerpt":{"rendered":"","protected":false},"author":2,"featured_media":0,"parent":0,"menu_order":0,"comment_status":"closed","ping_status":"closed","template":"100-width.php","meta":{"_monsterinsights_skip_tracking":false,"_monsterinsights_sitenote_active":false,"_monsterinsights_sitenote_note":"","_monsterinsights_sitenote_category":0,"footnotes":""},"class_list":["post-2348","page","type-page","status-publish","hentry"],"yoast_head":"<!-- This site is optimized with the Yoast SEO plugin v27.0 - https:\/\/yoast.com\/product\/yoast-seo-wordpress\/ -->\n<title>Historie - &quot;Old lady&quot; | Oldtimer Boot Z\u00fcrichsee<\/title>\n<meta name=\"robots\" content=\"index, follow, max-snippet:-1, max-image-preview:large, max-video-preview:-1\" \/>\n<link rel=\"canonical\" href=\"https:\/\/old-lady.ch\/index.php\/historie\/\" \/>\n<meta property=\"og:locale\" content=\"de_DE\" \/>\n<meta property=\"og:type\" content=\"article\" \/>\n<meta property=\"og:title\" content=\"Historie - &quot;Old lady&quot; | Oldtimer Boot Z\u00fcrichsee\" \/>\n<meta property=\"og:url\" content=\"https:\/\/old-lady.ch\/index.php\/historie\/\" \/>\n<meta property=\"og:site_name\" content=\"&quot;Old lady&quot; | Oldtimer Boot Z\u00fcrichsee\" \/>\n<meta property=\"article:modified_time\" content=\"2020-05-05T00:27:21+00:00\" \/>\n<meta name=\"twitter:card\" content=\"summary_large_image\" \/>\n<meta name=\"twitter:label1\" content=\"Gesch\u00e4tzte Lesezeit\" \/>\n\t<meta name=\"twitter:data1\" content=\"5\u00a0Minuten\" \/>\n<script type=\"application\/ld+json\" class=\"yoast-schema-graph\">{\"@context\":\"https:\/\/schema.org\",\"@graph\":[{\"@type\":\"WebPage\",\"@id\":\"https:\/\/old-lady.ch\/index.php\/historie\/\",\"url\":\"https:\/\/old-lady.ch\/index.php\/historie\/\",\"name\":\"Historie - &quot;Old lady&quot; | Oldtimer Boot Z\u00fcrichsee\",\"isPartOf\":{\"@id\":\"https:\/\/old-lady.ch\/#website\"},\"datePublished\":\"2020-01-03T21:25:21+00:00\",\"dateModified\":\"2020-05-05T00:27:21+00:00\",\"breadcrumb\":{\"@id\":\"https:\/\/old-lady.ch\/index.php\/historie\/#breadcrumb\"},\"inLanguage\":\"de\",\"potentialAction\":[{\"@type\":\"ReadAction\",\"target\":[\"https:\/\/old-lady.ch\/index.php\/historie\/\"]}]},{\"@type\":\"BreadcrumbList\",\"@id\":\"https:\/\/old-lady.ch\/index.php\/historie\/#breadcrumb\",\"itemListElement\":[{\"@type\":\"ListItem\",\"position\":1,\"name\":\"Startseite\",\"item\":\"https:\/\/old-lady.ch\/\"},{\"@type\":\"ListItem\",\"position\":2,\"name\":\"Historie\"}]},{\"@type\":\"WebSite\",\"@id\":\"https:\/\/old-lady.ch\/#website\",\"url\":\"https:\/\/old-lady.ch\/\",\"name\":\"&quot;Old lady&quot; | Oldtimer Boot Z\u00fcrichsee\",\"description\":\"Individuell unterwegs in der Schweiz\",\"potentialAction\":[{\"@type\":\"SearchAction\",\"target\":{\"@type\":\"EntryPoint\",\"urlTemplate\":\"https:\/\/old-lady.ch\/?s={search_term_string}\"},\"query-input\":{\"@type\":\"PropertyValueSpecification\",\"valueRequired\":true,\"valueName\":\"search_term_string\"}}],\"inLanguage\":\"de\"}]}<\/script>\n<!-- \/ Yoast SEO plugin. -->","yoast_head_json":{"title":"Historie - &quot;Old lady&quot; | Oldtimer Boot Z\u00fcrichsee","robots":{"index":"index","follow":"follow","max-snippet":"max-snippet:-1","max-image-preview":"max-image-preview:large","max-video-preview":"max-video-preview:-1"},"canonical":"https:\/\/old-lady.ch\/index.php\/historie\/","og_locale":"de_DE","og_type":"article","og_title":"Historie - &quot;Old lady&quot; | Oldtimer Boot Z\u00fcrichsee","og_url":"https:\/\/old-lady.ch\/index.php\/historie\/","og_site_name":"&quot;Old lady&quot; | Oldtimer Boot Z\u00fcrichsee","article_modified_time":"2020-05-05T00:27:21+00:00","twitter_card":"summary_large_image","twitter_misc":{"Gesch\u00e4tzte Lesezeit":"5\u00a0Minuten"},"schema":{"@context":"https:\/\/schema.org","@graph":[{"@type":"WebPage","@id":"https:\/\/old-lady.ch\/index.php\/historie\/","url":"https:\/\/old-lady.ch\/index.php\/historie\/","name":"Historie - &quot;Old lady&quot; | Oldtimer Boot Z\u00fcrichsee","isPartOf":{"@id":"https:\/\/old-lady.ch\/#website"},"datePublished":"2020-01-03T21:25:21+00:00","dateModified":"2020-05-05T00:27:21+00:00","breadcrumb":{"@id":"https:\/\/old-lady.ch\/index.php\/historie\/#breadcrumb"},"inLanguage":"de","potentialAction":[{"@type":"ReadAction","target":["https:\/\/old-lady.ch\/index.php\/historie\/"]}]},{"@type":"BreadcrumbList","@id":"https:\/\/old-lady.ch\/index.php\/historie\/#breadcrumb","itemListElement":[{"@type":"ListItem","position":1,"name":"Startseite","item":"https:\/\/old-lady.ch\/"},{"@type":"ListItem","position":2,"name":"Historie"}]},{"@type":"WebSite","@id":"https:\/\/old-lady.ch\/#website","url":"https:\/\/old-lady.ch\/","name":"&quot;Old lady&quot; | Oldtimer Boot Z\u00fcrichsee","description":"Individuell unterwegs in der Schweiz","potentialAction":[{"@type":"SearchAction","target":{"@type":"EntryPoint","urlTemplate":"https:\/\/old-lady.ch\/?s={search_term_string}"},"query-input":{"@type":"PropertyValueSpecification","valueRequired":true,"valueName":"search_term_string"}}],"inLanguage":"de"}]}},"_links":{"self":[{"href":"https:\/\/old-lady.ch\/index.php\/wp-json\/wp\/v2\/pages\/2348","targetHints":{"allow":["GET"]}}],"collection":[{"href":"https:\/\/old-lady.ch\/index.php\/wp-json\/wp\/v2\/pages"}],"about":[{"href":"https:\/\/old-lady.ch\/index.php\/wp-json\/wp\/v2\/types\/page"}],"author":[{"embeddable":true,"href":"https:\/\/old-lady.ch\/index.php\/wp-json\/wp\/v2\/users\/2"}],"replies":[{"embeddable":true,"href":"https:\/\/old-lady.ch\/index.php\/wp-json\/wp\/v2\/comments?post=2348"}],"version-history":[{"count":14,"href":"https:\/\/old-lady.ch\/index.php\/wp-json\/wp\/v2\/pages\/2348\/revisions"}],"predecessor-version":[{"id":2524,"href":"https:\/\/old-lady.ch\/index.php\/wp-json\/wp\/v2\/pages\/2348\/revisions\/2524"}],"wp:attachment":[{"href":"https:\/\/old-lady.ch\/index.php\/wp-json\/wp\/v2\/media?parent=2348"}],"curies":[{"name":"wp","href":"https:\/\/api.w.org\/{rel}","templated":true}]}}